{"id":2508,"date":"2019-04-19T15:26:17","date_gmt":"2019-04-19T15:26:17","guid":{"rendered":"http:\/\/www.serjoscha.net\/?page_id=2508"},"modified":"2019-04-26T18:53:30","modified_gmt":"2019-04-26T18:53:30","slug":"datenschutzerklaerung","status":"publish","type":"page","link":"https:\/\/www.serjoscha.net\/?page_id=2508","title":{"rendered":"Datenschutzerkl\u00e4rung"},"content":{"rendered":"<span class=\"Z3988\" title=\"ctx_ver=Z39.88-2004&amp;rft_val_fmt=info%3Aofi%2Ffmt%3Akev%3Amtx%3Adc&amp;rfr_id=info%3Asid%2Focoins.info%3Agenerator&amp;rft.type=&amp;rft.format=text&amp;rft.title=Datenschutzerkl\u00e4rung&amp;rft.source=Serjoscha Wiemer&amp;rft.date=2019-04-19&amp;rft.identifier=http:\/\/www.serjoscha.net\/?page_id=2508&amp;rft.language=English&amp;rft.au=Serjoscha Wiemer\"><\/span>\n<h2 class=\"wp-block-heading\">Wer diese Seite verantwortet<\/h2>\n\n\n\n<p>Die Adresse dieser Website ist: https:\/\/www.serjoscha.net.<\/p>\n\n\n\n<p>Dies ist eine Website, mit der ich \u00fcber meine medienwissenschaftliche Arbeit und weitere Interessen informiere.<\/p>\n\n\n\n<h3 class=\"wp-block-heading\">Kontakt-Informationen<\/h3>\n\n\n\n<p><a href=\"http:\/\/www.serjoscha.net\/?page_id=8\">Kontakt<\/a><\/p>\n\n\n\n<p>Serjoscha Wiemer, Rotlinstr. 40, 60316 Frankfurt<\/p>\n\n\n\n<h2 class=\"wp-block-heading\">Hinweis zum m\u00f6glichen Sammeln personenbezogener Daten und was Du dar\u00fcber wissen solltest<\/h2>\n\n\n\n<p>Diese Website geht sparsam mit Besucherdaten um. Es werden keine personenbezogenen Daten gesammelt. Ein sicherer Aufruf der Seite ist \u00fcber https m\u00f6glich. Allerdings k\u00f6nnen andere Dienste Daten \u00fcber Dich sammeln, wenn Du diese Seite aufrufst. Einige solcher Dienste sind \u00fcber Plugins Bestandteil dieser Seite. Das k\u00f6nnen Fotos z.B. von Flickr, Sounds von Soundcloud oder andere Dienste sein. Siehe dazu die Erl\u00e4uterungen im Abschnitt &#8222;Eingebettete Inhalte von anderen Websites&#8220;.<\/p>\n\n\n\n<h3 class=\"wp-block-heading\">Eingebettete Inhalte von anderen Websites<\/h3>\n\n\n\n<p>Beitr\u00e4ge auf dieser Website k\u00f6nnen eingebettete Inhalte beinhalten (z.B. Sounds, Videos, Bilder, Beitr\u00e4ge etc.). Eingebettete Inhalte von anderen Websites verhalten sich exakt so, als ob der Besucher die andere Website besucht h\u00e4tte.<\/p>\n\n\n\n<p>Diese Websites k\u00f6nnen Daten \u00fcber Dich sammeln, Cookies benutzen, zus\u00e4tzliche Tracking-Dienste von Dritten einbetten und Deine Interaktion mit diesem eingebetteten Inhalt aufzeichnen, inklusive Deiner Interaktion mit dem eingebetteten Inhalt, falls Du ein Konto hast und auf dieser Website angemeldet bist.<\/p>\n","protected":false},"excerpt":{"rendered":"<p>Wer diese Seite verantwortet Die Adresse dieser Website ist: https:\/\/www.serjoscha.net. Dies ist eine Website, mit der ich \u00fcber meine medienwissenschaftliche Arbeit und weitere Interessen informiere. Kontakt-Informationen Kontakt Serjoscha Wiemer, Rotlinstr. 40, 60316 Frankfurt Hinweis zum m\u00f6glichen Sammeln personenbezogener Daten und was Du dar\u00fcber wissen solltest Diese Website geht sparsam mit Besucherdaten um. Es werden keine [&hellip;]<\/p>\n","protected":false},"author":2,"featured_media":0,"parent":0,"menu_order":0,"comment_status":"closed","ping_status":"closed","template":"","meta":{"footnotes":""},"_links":{"self":[{"href":"https:\/\/www.serjoscha.net\/index.php?rest_route=\/wp\/v2\/pages\/2508"}],"collection":[{"href":"https:\/\/www.serjoscha.net\/index.php?rest_route=\/wp\/v2\/pages"}],"about":[{"href":"https:\/\/www.serjoscha.net\/index.php?rest_route=\/wp\/v2\/types\/page"}],"author":[{"embeddable":true,"href":"https:\/\/www.serjoscha.net\/index.php?rest_route=\/wp\/v2\/users\/2"}],"replies":[{"embeddable":true,"href":"https:\/\/www.serjoscha.net\/index.php?rest_route=%2Fwp%2Fv2%2Fcomments&post=2508"}],"version-history":[{"count":5,"href":"https:\/\/www.serjoscha.net\/index.php?rest_route=\/wp\/v2\/pages\/2508\/revisions"}],"predecessor-version":[{"id":8903,"href":"https:\/\/www.serjoscha.net\/index.php?rest_route=\/wp\/v2\/pages\/2508\/revisions\/8903"}],"wp:attachment":[{"href":"https:\/\/www.serjoscha.net\/index.php?rest_route=%2Fwp%2Fv2%2Fmedia&parent=2508"}],"curies":[{"name":"wp","href":"https:\/\/api.w.org\/{rel}","templated":true}]}}