{"id":63,"date":"2016-10-27T12:05:13","date_gmt":"2016-10-27T12:05:13","guid":{"rendered":"http:\/\/www.serjoscha.net\/?page_id=63"},"modified":"2019-02-07T21:28:45","modified_gmt":"2019-02-07T21:28:45","slug":"kunst","status":"publish","type":"page","link":"https:\/\/www.serjoscha.net\/?page_id=63","title":{"rendered":"Kl\u00e4nge"},"content":{"rendered":"<span class=\"Z3988\" title=\"ctx_ver=Z39.88-2004&amp;rft_val_fmt=info%3Aofi%2Ffmt%3Akev%3Amtx%3Adc&amp;rfr_id=info%3Asid%2Focoins.info%3Agenerator&amp;rft.type=&amp;rft.format=text&amp;rft.title=Kl\u00e4nge&amp;rft.source=Serjoscha Wiemer&amp;rft.date=2016-10-27&amp;rft.identifier=http:\/\/www.serjoscha.net\/?page_id=63&amp;rft.language=English&amp;rft.au=serjoschawiemer_67w1f3d6\"><\/span>\n<p>H\u00f6rspiel, Klangkunst, freies Radio und Theater liebe ich als M\u00f6glichkeiten f\u00fcr kollektive Produktionsweisen. Einige der nachfolgenden Aufnahmen sind Dokumentation kollektiver Klangarbeit, entstanden gemeinsam mit <em>Der Esel, Ich &amp; Du<\/em> und mit <em>azynchron<\/em>.<\/p>\n\n\n\n<figure><iframe loading=\"lazy\" scrolling=\"no\" allow=\"autoplay\" src=\"https:\/\/w.soundcloud.com\/player\/?url=https%3A\/\/api.soundcloud.com\/playlists\/33392870&amp;color=%23ff5500&amp;auto_play=false&amp;hide_related=false&amp;show_comments=true&amp;show_user=true&amp;show_reposts=false&amp;show_teaser=true&amp;visual=true\" width=\"100%\" height=\"300\" frameborder=\"no\"><\/iframe><\/figure>\n\n\n\n<h2 class=\"wp-block-heading\"><a href=\"https:\/\/soundcloud.com\/dereselichunddu\" target=\"_blank\" rel=\"noopener\">Der Esel, Ich &amp; Du<\/a><\/h2>\n\n\n\n<p>Live-Impro-Loop-Collage<br>Der Esel, Ich &amp; Du collagieren Literatur, Feuilleton, Film, Funk, Fernsehen &amp; Sound zum Kontrollverlust. Nichts, was gesagt wird, wurde nicht geschrieben oder gesagt.<\/p>\n\n\n\n<figure><iframe loading=\"lazy\" src=\"https:\/\/w.soundcloud.com\/player\/?url=https%3A\/\/api.soundcloud.com\/users\/315099973&amp;color=00aabb&amp;auto_play=false&amp;hide_related=false&amp;show_comments=true&amp;show_user=true&amp;show_reposts=false\" scrolling=\"no\" width=\"300\" height=\"150\" frameborder=\"no\"><\/iframe><\/figure>\n\n\n\n<h2 class=\"wp-block-heading\"><a href=\"https:\/\/azynchron.bandcamp.com\/music\" target=\"_blank\" rel=\"noopener\">azynchron<\/a><\/h2>\n\n\n\n<figure><iframe loading=\"lazy\" style=\"border: 0; width: 350px; height: 580px;\" src=\"https:\/\/bandcamp.com\/EmbeddedPlayer\/track=2421821522\/size=large\/bgcol=ffffff\/linkcol=0687f5\/minimal=true\/transparent=true\/\" seamless=\"\" width=\"300\" height=\"150\"><a href=\"http:\/\/azynchron.bandcamp.com\/track\/kindersonntag-lonely-one\">kindersonntag (lonely one) by azynchron<\/a><\/iframe><\/figure>\n\n\n\n<figure><iframe loading=\"lazy\" style=\"border: 0; width: 350px; height: 580px;\" src=\"https:\/\/bandcamp.com\/EmbeddedPlayer\/track=3155095303\/size=large\/bgcol=ffffff\/linkcol=0687f5\/minimal=true\/transparent=true\/\" seamless=\"\" width=\"300\" height=\"150\"><a href=\"http:\/\/azynchron.bandcamp.com\/track\/atomic-octa-zero-zero\">atomic octa (zero zero) by azynchron<\/a><\/iframe><\/figure>\n\n\n\n<h2 class=\"wp-block-heading\"><strong>Weitere Kl\u00e4nge<\/strong><\/h2>\n\n\n\n<figure class=\"wp-block-image\"><a href=\"https:\/\/soundcloud.com\/serjoscha\/albums\"><img loading=\"lazy\" decoding=\"async\" width=\"300\" height=\"157\" src=\"http:\/\/www.serjoscha.net\/wp-content\/uploads\/2019\/01\/baudline-300x157.png\" alt=\"\" class=\"wp-image-333\" srcset=\"https:\/\/www.serjoscha.net\/wp-content\/uploads\/2019\/01\/baudline-300x157.png 300w, https:\/\/www.serjoscha.net\/wp-content\/uploads\/2019\/01\/baudline-768x401.png 768w, https:\/\/www.serjoscha.net\/wp-content\/uploads\/2019\/01\/baudline-1024x535.png 1024w, https:\/\/www.serjoscha.net\/wp-content\/uploads\/2019\/01\/baudline-900x470.png 900w, https:\/\/www.serjoscha.net\/wp-content\/uploads\/2019\/01\/baudline-1280x669.png 1280w, https:\/\/www.serjoscha.net\/wp-content\/uploads\/2019\/01\/baudline.png 1361w\" sizes=\"(max-width: 300px) 100vw, 300px\" \/><\/a><\/figure>\n\n\n\n<p><a href=\"https:\/\/soundcloud.com\/serjoscha\/albums\">https:\/\/soundcloud.com\/serjoscha\/albums<\/a><\/p>\n","protected":false},"excerpt":{"rendered":"<p>H\u00f6rspiel, Klangkunst, freies Radio und Theater liebe ich als M\u00f6glichkeiten f\u00fcr kollektive Produktionsweisen. Einige der nachfolgenden Aufnahmen sind Dokumentation kollektiver Klangarbeit, entstanden gemeinsam mit Der Esel, Ich &amp; Du und mit azynchron. Der Esel, Ich &amp; Du Live-Impro-Loop-CollageDer Esel, Ich &amp; Du collagieren Literatur, Feuilleton, Film, Funk, Fernsehen &amp; Sound zum Kontrollverlust. Nichts, was gesagt [&hellip;]<\/p>\n","protected":false},"author":1,"featured_media":175,"parent":0,"menu_order":0,"comment_status":"closed","ping_status":"closed","template":"","meta":{"footnotes":""},"_links":{"self":[{"href":"https:\/\/www.serjoscha.net\/index.php?rest_route=\/wp\/v2\/pages\/63"}],"collection":[{"href":"https:\/\/www.serjoscha.net\/index.php?rest_route=\/wp\/v2\/pages"}],"about":[{"href":"https:\/\/www.serjoscha.net\/index.php?rest_route=\/wp\/v2\/types\/page"}],"author":[{"embeddable":true,"href":"https:\/\/www.serjoscha.net\/index.php?rest_route=\/wp\/v2\/users\/1"}],"replies":[{"embeddable":true,"href":"https:\/\/www.serjoscha.net\/index.php?rest_route=%2Fwp%2Fv2%2Fcomments&post=63"}],"version-history":[{"count":45,"href":"https:\/\/www.serjoscha.net\/index.php?rest_route=\/wp\/v2\/pages\/63\/revisions"}],"predecessor-version":[{"id":349,"href":"https:\/\/www.serjoscha.net\/index.php?rest_route=\/wp\/v2\/pages\/63\/revisions\/349"}],"wp:featuredmedia":[{"embeddable":true,"href":"https:\/\/www.serjoscha.net\/index.php?rest_route=\/wp\/v2\/media\/175"}],"wp:attachment":[{"href":"https:\/\/www.serjoscha.net\/index.php?rest_route=%2Fwp%2Fv2%2Fmedia&parent=63"}],"curies":[{"name":"wp","href":"https:\/\/api.w.org\/{rel}","templated":true}]}}