{"id":9744,"date":"2019-04-28T10:07:11","date_gmt":"2019-04-28T10:07:11","guid":{"rendered":"https:\/\/www.serjoscha.net\/?page_id=9744"},"modified":"2020-02-01T11:50:55","modified_gmt":"2020-02-01T11:50:55","slug":"forschung","status":"publish","type":"page","link":"https:\/\/www.serjoscha.net\/?page_id=9744","title":{"rendered":"Forschung"},"content":{"rendered":"<span class=\"Z3988\" title=\"ctx_ver=Z39.88-2004&amp;rft_val_fmt=info%3Aofi%2Ffmt%3Akev%3Amtx%3Adc&amp;rfr_id=info%3Asid%2Focoins.info%3Agenerator&amp;rft.type=&amp;rft.format=text&amp;rft.title=Forschung&amp;rft.source=Serjoscha Wiemer&amp;rft.date=2019-04-28&amp;rft.identifier=https:\/\/www.serjoscha.net\/?page_id=9744&amp;rft.language=English&amp;rft.au=Serjoscha Wiemer\"><\/span>\n<h4 class=\"wp-block-heading\">Aktuelle Projekte<\/h4>\n\n\n\n<ul><li><a href=\"http:\/\/gfmedienwissenschaft.de\/gesellschaft\/ags\/ag-affective-media-technologies\">Affective Media Technologies<\/a><\/li><li>Algorithmische Medien und spielende Maschinen<\/li><li>Filtern \u2013 Mediale Logiken operativer Diskriminierung<\/li><li>Medienutopien<\/li><li><a href=\"https:\/\/www.mindthegame.de\">Mind the Game!<\/a>  Computer Games driving AI and transforming Society (in Kooperation mit Forscher*innen der Folkwang Universit\u00e4t, Universit\u00e4t L\u00fcneburg, RWTH Aachen) <ul><li>ein Bericht \u00fcber das Projekt:  <a href=\"https:\/\/www.serjoscha.net\/wp-content\/uploads\/2020\/02\/Artikel_Impulse.pdf\">Sesin, Claus-Peter. \u201eMind the Game! Was man f\u00fcr die Kollaboration von Mensch und Maschine aus Computerspielen lernen kann\u201c. <em>Impulse. Das Magazin der Volkswagenstiftung<\/em>, 2020, 18\u201321.    <\/a><\/li><\/ul><\/li><\/ul>\n\n\n\n<p><\/p>\n","protected":false},"excerpt":{"rendered":"<p>Aktuelle Projekte Affective Media Technologies Algorithmische Medien und spielende Maschinen Filtern \u2013 Mediale Logiken operativer Diskriminierung Medienutopien Mind the Game! Computer Games driving AI and transforming Society (in Kooperation mit Forscher*innen der Folkwang Universit\u00e4t, Universit\u00e4t L\u00fcneburg, RWTH Aachen) ein Bericht \u00fcber das Projekt: Sesin, Claus-Peter. \u201eMind the Game! Was man f\u00fcr die Kollaboration von Mensch [&hellip;]<\/p>\n","protected":false},"author":2,"featured_media":0,"parent":0,"menu_order":0,"comment_status":"closed","ping_status":"closed","template":"","meta":{"footnotes":""},"_links":{"self":[{"href":"https:\/\/www.serjoscha.net\/index.php?rest_route=\/wp\/v2\/pages\/9744"}],"collection":[{"href":"https:\/\/www.serjoscha.net\/index.php?rest_route=\/wp\/v2\/pages"}],"about":[{"href":"https:\/\/www.serjoscha.net\/index.php?rest_route=\/wp\/v2\/types\/page"}],"author":[{"embeddable":true,"href":"https:\/\/www.serjoscha.net\/index.php?rest_route=\/wp\/v2\/users\/2"}],"replies":[{"embeddable":true,"href":"https:\/\/www.serjoscha.net\/index.php?rest_route=%2Fwp%2Fv2%2Fcomments&post=9744"}],"version-history":[{"count":10,"href":"https:\/\/www.serjoscha.net\/index.php?rest_route=\/wp\/v2\/pages\/9744\/revisions"}],"predecessor-version":[{"id":39676,"href":"https:\/\/www.serjoscha.net\/index.php?rest_route=\/wp\/v2\/pages\/9744\/revisions\/39676"}],"wp:attachment":[{"href":"https:\/\/www.serjoscha.net\/index.php?rest_route=%2Fwp%2Fv2%2Fmedia&parent=9744"}],"curies":[{"name":"wp","href":"https:\/\/api.w.org\/{rel}","templated":true}]}}